{"id":543,"date":"2025-03-07T10:46:28","date_gmt":"2025-03-07T09:46:28","guid":{"rendered":"https:\/\/ahe.lodz.pl\/centrum-ekspertow\/?page_id=543"},"modified":"2025-03-19T09:09:28","modified_gmt":"2025-03-19T08:09:28","slug":"eksperci","status":"publish","type":"page","link":"https:\/\/ahe.lodz.pl\/centrum-ekspertow\/eksperci\/","title":{"rendered":"Nasi eksperci"},"content":{"rendered":"<div class=\"experts_search\">\n<div>\n<div  class=\"search-filter-base search-filter-field search-filter-field--id-2 search-filter-field--type-search search-filter-field--input-type-text search-filter-style--id-1 search-filter-style--search-text\"  data-search-filter-id=\"2\" ><\/div><br \/>\n<div  class=\"search-filter-base search-filter-field search-filter-field--id-1 search-filter-field--type-choice search-filter-field--input-type-button search-filter-style--id-1 search-filter-style--choice-button\"  data-search-filter-id=\"1\" ><\/div><br \/>\n<div  class=\"search-filter-base search-filter-field search-filter-field--id-3 search-filter-field--type-control search-filter-field--control-type-reset search-filter-style--id-1 search-filter-style--control-reset\"  data-search-filter-id=\"3\" ><\/div>\n<\/div>\n<div>\n<div class=\"search-filter-query search-filter-query--id-1\">\t\n\t<div class=\"search-filter-query-posts\">\n\n\t\t<h5>Znaleziono 20 ekspert\u00f3w<\/h5>\n\n\t\t\n\t\t\t<a class=\"expert_row\" href=\"https:\/\/ahe.lodz.pl\/centrum-ekspertow\/komentarz\/eksperci\/bartlomiej-rosiak\/\">\n\t\t\t\t<img loading=\"lazy\" decoding=\"async\" width=\"914\" height=\"1114\" src=\"https:\/\/ahe.lodz.pl\/centrum-ekspertow\/wp-content\/uploads\/2025\/11\/B.Rosiak-zdjecie-AHE_1_-e1763644154184.webp\" class=\"attachment-small size-small wp-post-image\" alt=\"\" srcset=\"https:\/\/ahe.lodz.pl\/centrum-ekspertow\/wp-content\/uploads\/2025\/11\/B.Rosiak-zdjecie-AHE_1_-e1763644154184.webp 914w, https:\/\/ahe.lodz.pl\/centrum-ekspertow\/wp-content\/uploads\/2025\/11\/B.Rosiak-zdjecie-AHE_1_-e1763644154184-246x300.webp 246w, https:\/\/ahe.lodz.pl\/centrum-ekspertow\/wp-content\/uploads\/2025\/11\/B.Rosiak-zdjecie-AHE_1_-e1763644154184-840x1024.webp 840w, https:\/\/ahe.lodz.pl\/centrum-ekspertow\/wp-content\/uploads\/2025\/11\/B.Rosiak-zdjecie-AHE_1_-e1763644154184-768x936.webp 768w\" sizes=\"auto, (max-width: 914px) 100vw, 914px\" \/>\n\t\t\t\t<div>\n\t\t\t\t\t<p><\/p>\n\t\t\t\t\t<h2>Bart\u0142omiej Rosiak<\/h2>\n\n\t\t\t\t\t<div class=\"labels\"><p>Dyskurs polityki mi\u0119dzynarodowej<\/p><p>Dyskurs polityki wewn\u0119trznej<\/p><p>J\u0119zykoznawstwo<\/p><p>Komunikacja publiczna<\/p><p>Marketing polityczny<\/p><\/div>\t\t\t\t<\/div>\n\t\t\t\t\n\t\t\t<\/a>\n\t\t\t\n\t\t\t<a class=\"expert_row\" href=\"https:\/\/ahe.lodz.pl\/centrum-ekspertow\/komentarz\/eksperci\/konrad-schroeder\/\">\n\t\t\t\t<img loading=\"lazy\" decoding=\"async\" width=\"914\" height=\"1116\" src=\"https:\/\/ahe.lodz.pl\/centrum-ekspertow\/wp-content\/uploads\/2025\/04\/mgr_konrad_schoreder_eksperci.webp\" class=\"attachment-small size-small wp-post-image\" alt=\"\" srcset=\"https:\/\/ahe.lodz.pl\/centrum-ekspertow\/wp-content\/uploads\/2025\/04\/mgr_konrad_schoreder_eksperci.webp 914w, https:\/\/ahe.lodz.pl\/centrum-ekspertow\/wp-content\/uploads\/2025\/04\/mgr_konrad_schoreder_eksperci-246x300.webp 246w, https:\/\/ahe.lodz.pl\/centrum-ekspertow\/wp-content\/uploads\/2025\/04\/mgr_konrad_schoreder_eksperci-839x1024.webp 839w, https:\/\/ahe.lodz.pl\/centrum-ekspertow\/wp-content\/uploads\/2025\/04\/mgr_konrad_schoreder_eksperci-768x938.webp 768w\" sizes=\"auto, (max-width: 914px) 100vw, 914px\" \/>\n\t\t\t\t<div>\n\t\t\t\t\t<p>mgr <\/p>\n\t\t\t\t\t<h2>Konrad Schroeder<\/h2>\n\n\t\t\t\t\t<div class=\"labels\"><p>Coaching<\/p><p>Human Resources<\/p><p>Psychologia spo\u0142eczna<\/p><p>Rozw\u00f3j osobisty<\/p><\/div>\t\t\t\t<\/div>\n\t\t\t\t\n\t\t\t<\/a>\n\t\t\t\n\t\t\t<a class=\"expert_row\" href=\"https:\/\/ahe.lodz.pl\/centrum-ekspertow\/komentarz\/eksperci\/bartlomiej-jarmolinski\/\">\n\t\t\t\t<img loading=\"lazy\" decoding=\"async\" width=\"914\" height=\"1116\" src=\"https:\/\/ahe.lodz.pl\/centrum-ekspertow\/wp-content\/uploads\/2025\/04\/dr_bartlomiej_jarmolinski_eksperci.webp\" class=\"attachment-small size-small wp-post-image\" alt=\"\" srcset=\"https:\/\/ahe.lodz.pl\/centrum-ekspertow\/wp-content\/uploads\/2025\/04\/dr_bartlomiej_jarmolinski_eksperci.webp 914w, https:\/\/ahe.lodz.pl\/centrum-ekspertow\/wp-content\/uploads\/2025\/04\/dr_bartlomiej_jarmolinski_eksperci-246x300.webp 246w, https:\/\/ahe.lodz.pl\/centrum-ekspertow\/wp-content\/uploads\/2025\/04\/dr_bartlomiej_jarmolinski_eksperci-839x1024.webp 839w, https:\/\/ahe.lodz.pl\/centrum-ekspertow\/wp-content\/uploads\/2025\/04\/dr_bartlomiej_jarmolinski_eksperci-768x938.webp 768w\" sizes=\"auto, (max-width: 914px) 100vw, 914px\" \/>\n\t\t\t\t<div>\n\t\t\t\t\t<p>dr<\/p>\n\t\t\t\t\t<h2>Bart\u0142omiej Jarmoli\u0144ski<\/h2>\n\n\t\t\t\t\t<div class=\"labels\"><p>Fotografia<\/p><p>Kurator wystawy<\/p><p>Performance<\/p><p>Sztuki pi\u0119kne<\/p><\/div>\t\t\t\t<\/div>\n\t\t\t\t\n\t\t\t<\/a>\n\t\t\t\n\t\t\t<a class=\"expert_row\" href=\"https:\/\/ahe.lodz.pl\/centrum-ekspertow\/komentarz\/eksperci\/joanna-paul-kanska\/\">\n\t\t\t\t<img loading=\"lazy\" decoding=\"async\" width=\"914\" height=\"1116\" src=\"https:\/\/ahe.lodz.pl\/centrum-ekspertow\/wp-content\/uploads\/2025\/04\/dr_joanna_paul_kanska_eksperci.webp\" class=\"attachment-small size-small wp-post-image\" alt=\"\" srcset=\"https:\/\/ahe.lodz.pl\/centrum-ekspertow\/wp-content\/uploads\/2025\/04\/dr_joanna_paul_kanska_eksperci.webp 914w, https:\/\/ahe.lodz.pl\/centrum-ekspertow\/wp-content\/uploads\/2025\/04\/dr_joanna_paul_kanska_eksperci-246x300.webp 246w, https:\/\/ahe.lodz.pl\/centrum-ekspertow\/wp-content\/uploads\/2025\/04\/dr_joanna_paul_kanska_eksperci-839x1024.webp 839w, https:\/\/ahe.lodz.pl\/centrum-ekspertow\/wp-content\/uploads\/2025\/04\/dr_joanna_paul_kanska_eksperci-768x938.webp 768w\" sizes=\"auto, (max-width: 914px) 100vw, 914px\" \/>\n\t\t\t\t<div>\n\t\t\t\t\t<p>dr<\/p>\n\t\t\t\t\t<h2>Joanna Paul-Ka\u0144ska<\/h2>\n\n\t\t\t\t\t<div class=\"labels\"><p>Psychologia<\/p><p>Psychologia spo\u0142eczna<\/p><p>Rozw\u00f3j osobisty<\/p><\/div>\t\t\t\t<\/div>\n\t\t\t\t\n\t\t\t<\/a>\n\t\t\t\n\t\t\t<a class=\"expert_row\" href=\"https:\/\/ahe.lodz.pl\/centrum-ekspertow\/komentarz\/eksperci\/marzena-glinka\/\">\n\t\t\t\t<img loading=\"lazy\" decoding=\"async\" width=\"914\" height=\"1116\" src=\"https:\/\/ahe.lodz.pl\/centrum-ekspertow\/wp-content\/uploads\/2025\/05\/Glinka_914x1116.webp\" class=\"attachment-small size-small wp-post-image\" alt=\"\" srcset=\"https:\/\/ahe.lodz.pl\/centrum-ekspertow\/wp-content\/uploads\/2025\/05\/Glinka_914x1116.webp 914w, https:\/\/ahe.lodz.pl\/centrum-ekspertow\/wp-content\/uploads\/2025\/05\/Glinka_914x1116-246x300.webp 246w, https:\/\/ahe.lodz.pl\/centrum-ekspertow\/wp-content\/uploads\/2025\/05\/Glinka_914x1116-839x1024.webp 839w, https:\/\/ahe.lodz.pl\/centrum-ekspertow\/wp-content\/uploads\/2025\/05\/Glinka_914x1116-768x938.webp 768w\" sizes=\"auto, (max-width: 914px) 100vw, 914px\" \/>\n\t\t\t\t<div>\n\t\t\t\t\t<p>dr n.med. <\/p>\n\t\t\t\t\t<h2>Marzena Glinka<\/h2>\n\n\t\t\t\t\t<div class=\"labels\"><p>Aromaterapia<\/p><p>Kosmetologia estetyczna<\/p><p>Kosmetyki naturalne<\/p><p>Receptury kosmetyczne<\/p><p>Terapie zabiegowe<\/p><\/div>\t\t\t\t<\/div>\n\t\t\t\t\n\t\t\t<\/a>\n\t\t\t\n\t\t\t<a class=\"expert_row\" href=\"https:\/\/ahe.lodz.pl\/centrum-ekspertow\/komentarz\/eksperci\/robert-sternik\/\">\n\t\t\t\t<img loading=\"lazy\" decoding=\"async\" width=\"914\" height=\"1116\" src=\"https:\/\/ahe.lodz.pl\/centrum-ekspertow\/wp-content\/uploads\/2025\/04\/dr_robert_sternik_eksperci.webp\" class=\"attachment-small size-small wp-post-image\" alt=\"\" srcset=\"https:\/\/ahe.lodz.pl\/centrum-ekspertow\/wp-content\/uploads\/2025\/04\/dr_robert_sternik_eksperci.webp 914w, https:\/\/ahe.lodz.pl\/centrum-ekspertow\/wp-content\/uploads\/2025\/04\/dr_robert_sternik_eksperci-246x300.webp 246w, https:\/\/ahe.lodz.pl\/centrum-ekspertow\/wp-content\/uploads\/2025\/04\/dr_robert_sternik_eksperci-839x1024.webp 839w, https:\/\/ahe.lodz.pl\/centrum-ekspertow\/wp-content\/uploads\/2025\/04\/dr_robert_sternik_eksperci-768x938.webp 768w\" sizes=\"auto, (max-width: 914px) 100vw, 914px\" \/>\n\t\t\t\t<div>\n\t\t\t\t\t<p>dr<\/p>\n\t\t\t\t\t<h2>Robert Sternik<\/h2>\n\n\t\t\t\t\t<div class=\"labels\"><p>Elektroniczne systemy sterowania uk\u0142ad\u00f3w nap\u0119dowych<\/p><p>Energooszcz\u0119dne, ekologiczne \u017ar\u00f3d\u0142a nap\u0119du w transporcie ko\u0142owym<\/p><p>Odnawialne \u017ar\u00f3d\u0142a energii, transport kolejowy i intermodalny<\/p><\/div>\t\t\t\t<\/div>\n\t\t\t\t\n\t\t\t<\/a>\n\t\t\t\n\t\t\t<a class=\"expert_row\" href=\"https:\/\/ahe.lodz.pl\/centrum-ekspertow\/komentarz\/eksperci\/jacek-grudzien\/\">\n\t\t\t\t<img loading=\"lazy\" decoding=\"async\" width=\"914\" height=\"1116\" src=\"https:\/\/ahe.lodz.pl\/centrum-ekspertow\/wp-content\/uploads\/2025\/04\/mgr_jacek_grudzien_eksperci.webp\" class=\"attachment-small size-small wp-post-image\" alt=\"\" srcset=\"https:\/\/ahe.lodz.pl\/centrum-ekspertow\/wp-content\/uploads\/2025\/04\/mgr_jacek_grudzien_eksperci.webp 914w, https:\/\/ahe.lodz.pl\/centrum-ekspertow\/wp-content\/uploads\/2025\/04\/mgr_jacek_grudzien_eksperci-246x300.webp 246w, https:\/\/ahe.lodz.pl\/centrum-ekspertow\/wp-content\/uploads\/2025\/04\/mgr_jacek_grudzien_eksperci-839x1024.webp 839w, https:\/\/ahe.lodz.pl\/centrum-ekspertow\/wp-content\/uploads\/2025\/04\/mgr_jacek_grudzien_eksperci-768x938.webp 768w\" sizes=\"auto, (max-width: 914px) 100vw, 914px\" \/>\n\t\t\t\t<div>\n\t\t\t\t\t<p>mgr<\/p>\n\t\t\t\t\t<h2>Jacek Grudzie\u0144<\/h2>\n\n\t\t\t\t\t<div class=\"labels\"><p>Dziennikarstwo<\/p><p>Konferansjerstwo<\/p><p>Publicystyka<\/p><\/div>\t\t\t\t<\/div>\n\t\t\t\t\n\t\t\t<\/a>\n\t\t\t\n\t\t\t<a class=\"expert_row\" href=\"https:\/\/ahe.lodz.pl\/centrum-ekspertow\/komentarz\/eksperci\/martyna-krogulec-leska\/\">\n\t\t\t\t<img loading=\"lazy\" decoding=\"async\" width=\"914\" height=\"1116\" src=\"https:\/\/ahe.lodz.pl\/centrum-ekspertow\/wp-content\/uploads\/2025\/04\/dr_martyna_krogulec_eksperci.webp\" class=\"attachment-small size-small wp-post-image\" alt=\"\" srcset=\"https:\/\/ahe.lodz.pl\/centrum-ekspertow\/wp-content\/uploads\/2025\/04\/dr_martyna_krogulec_eksperci.webp 914w, https:\/\/ahe.lodz.pl\/centrum-ekspertow\/wp-content\/uploads\/2025\/04\/dr_martyna_krogulec_eksperci-246x300.webp 246w, https:\/\/ahe.lodz.pl\/centrum-ekspertow\/wp-content\/uploads\/2025\/04\/dr_martyna_krogulec_eksperci-839x1024.webp 839w, https:\/\/ahe.lodz.pl\/centrum-ekspertow\/wp-content\/uploads\/2025\/04\/dr_martyna_krogulec_eksperci-768x938.webp 768w\" sizes=\"auto, (max-width: 914px) 100vw, 914px\" \/>\n\t\t\t\t<div>\n\t\t\t\t\t<p>dr<\/p>\n\t\t\t\t\t<h2>Martyna Krogulec-\u0141\u0119ska<\/h2>\n\n\t\t\t\t\t<div class=\"labels\"><p>Coaching<\/p><p>Socjologia<\/p><p>Socjologia pracy<\/p><p>Umiej\u0119tno\u015bci psychospo\u0142eczne<\/p><\/div>\t\t\t\t<\/div>\n\t\t\t\t\n\t\t\t<\/a>\n\t\t\t\n\t\t\t<a class=\"expert_row\" href=\"https:\/\/ahe.lodz.pl\/centrum-ekspertow\/komentarz\/eksperci\/magdalena-makarowska\/\">\n\t\t\t\t<img loading=\"lazy\" decoding=\"async\" width=\"914\" height=\"1116\" src=\"https:\/\/ahe.lodz.pl\/centrum-ekspertow\/wp-content\/uploads\/2025\/04\/mgr_magdalena_makarowska_eksperci.webp\" class=\"attachment-small size-small wp-post-image\" alt=\"\" srcset=\"https:\/\/ahe.lodz.pl\/centrum-ekspertow\/wp-content\/uploads\/2025\/04\/mgr_magdalena_makarowska_eksperci.webp 914w, https:\/\/ahe.lodz.pl\/centrum-ekspertow\/wp-content\/uploads\/2025\/04\/mgr_magdalena_makarowska_eksperci-246x300.webp 246w, https:\/\/ahe.lodz.pl\/centrum-ekspertow\/wp-content\/uploads\/2025\/04\/mgr_magdalena_makarowska_eksperci-839x1024.webp 839w, https:\/\/ahe.lodz.pl\/centrum-ekspertow\/wp-content\/uploads\/2025\/04\/mgr_magdalena_makarowska_eksperci-768x938.webp 768w\" sizes=\"auto, (max-width: 914px) 100vw, 914px\" \/>\n\t\t\t\t<div>\n\t\t\t\t\t<p>mgr<\/p>\n\t\t\t\t\t<h2>Magdalena Makarowska<\/h2>\n\n\t\t\t\t\t<div class=\"labels\"><p>Biotechnologia<\/p><p>Dietetyka bariatryczna<\/p><p>Dietetyka kliniczna<\/p><p>Psychodietetyka<\/p><\/div>\t\t\t\t<\/div>\n\t\t\t\t\n\t\t\t<\/a>\n\t\t\t\n\t\t\t<a class=\"expert_row\" href=\"https:\/\/ahe.lodz.pl\/centrum-ekspertow\/komentarz\/eksperci\/paulina-konrad\/\">\n\t\t\t\t<img loading=\"lazy\" decoding=\"async\" width=\"914\" height=\"1116\" src=\"https:\/\/ahe.lodz.pl\/centrum-ekspertow\/wp-content\/uploads\/2025\/04\/dr_nmed_paulina_konrad_eksperci.webp\" class=\"attachment-small size-small wp-post-image\" alt=\"\" srcset=\"https:\/\/ahe.lodz.pl\/centrum-ekspertow\/wp-content\/uploads\/2025\/04\/dr_nmed_paulina_konrad_eksperci.webp 914w, https:\/\/ahe.lodz.pl\/centrum-ekspertow\/wp-content\/uploads\/2025\/04\/dr_nmed_paulina_konrad_eksperci-246x300.webp 246w, https:\/\/ahe.lodz.pl\/centrum-ekspertow\/wp-content\/uploads\/2025\/04\/dr_nmed_paulina_konrad_eksperci-839x1024.webp 839w, https:\/\/ahe.lodz.pl\/centrum-ekspertow\/wp-content\/uploads\/2025\/04\/dr_nmed_paulina_konrad_eksperci-768x938.webp 768w\" sizes=\"auto, (max-width: 914px) 100vw, 914px\" \/>\n\t\t\t\t<div>\n\t\t\t\t\t<p>dr n.med.<\/p>\n\t\t\t\t\t<h2>Paulina Konrad<\/h2>\n\n\t\t\t\t\t<div class=\"labels\"><p>Dietetyka kliniczna<\/p><p>\u017bywienie po zabiegach<\/p><\/div>\t\t\t\t<\/div>\n\t\t\t\t\n\t\t\t<\/a>\n\t\t\t\n\t\t\t<a class=\"expert_row\" href=\"https:\/\/ahe.lodz.pl\/centrum-ekspertow\/komentarz\/eksperci\/krzysztof-jurecki\/\">\n\t\t\t\t<img loading=\"lazy\" decoding=\"async\" width=\"914\" height=\"1116\" src=\"https:\/\/ahe.lodz.pl\/centrum-ekspertow\/wp-content\/uploads\/2025\/04\/dr_krzysztof_jurecki_eksperci.webp\" class=\"attachment-small size-small wp-post-image\" alt=\"\" srcset=\"https:\/\/ahe.lodz.pl\/centrum-ekspertow\/wp-content\/uploads\/2025\/04\/dr_krzysztof_jurecki_eksperci.webp 914w, https:\/\/ahe.lodz.pl\/centrum-ekspertow\/wp-content\/uploads\/2025\/04\/dr_krzysztof_jurecki_eksperci-246x300.webp 246w, https:\/\/ahe.lodz.pl\/centrum-ekspertow\/wp-content\/uploads\/2025\/04\/dr_krzysztof_jurecki_eksperci-839x1024.webp 839w, https:\/\/ahe.lodz.pl\/centrum-ekspertow\/wp-content\/uploads\/2025\/04\/dr_krzysztof_jurecki_eksperci-768x938.webp 768w\" sizes=\"auto, (max-width: 914px) 100vw, 914px\" \/>\n\t\t\t\t<div>\n\t\t\t\t\t<p>dr<\/p>\n\t\t\t\t\t<h2>Krzysztof Jurecki<\/h2>\n\n\t\t\t\t\t<div class=\"labels\"><p>Historia fotografii<\/p><p>Historia sztuki<\/p><p>Krytyka sztuki<\/p><p>Malarstwo polskie<\/p><p>Promotor sztuki<\/p><\/div>\t\t\t\t<\/div>\n\t\t\t\t\n\t\t\t<\/a>\n\t\t\t\n\t\t\t<a class=\"expert_row\" href=\"https:\/\/ahe.lodz.pl\/centrum-ekspertow\/komentarz\/eksperci\/joanna-satola-staskowiak\/\">\n\t\t\t\t<img loading=\"lazy\" decoding=\"async\" width=\"1024\" height=\"1024\" src=\"https:\/\/ahe.lodz.pl\/centrum-ekspertow\/wp-content\/uploads\/2025\/03\/satola-1.webp\" class=\"attachment-small size-small wp-post-image\" alt=\"\" srcset=\"https:\/\/ahe.lodz.pl\/centrum-ekspertow\/wp-content\/uploads\/2025\/03\/satola-1.webp 1024w, https:\/\/ahe.lodz.pl\/centrum-ekspertow\/wp-content\/uploads\/2025\/03\/satola-1-300x300.webp 300w, https:\/\/ahe.lodz.pl\/centrum-ekspertow\/wp-content\/uploads\/2025\/03\/satola-1-150x150.webp 150w, https:\/\/ahe.lodz.pl\/centrum-ekspertow\/wp-content\/uploads\/2025\/03\/satola-1-768x768.webp 768w\" sizes=\"auto, (max-width: 1024px) 100vw, 1024px\" \/>\n\t\t\t\t<div>\n\t\t\t\t\t<p>dr hab. , prof. AHE w \u0141odzi<\/p>\n\t\t\t\t\t<h2>Joanna Sato\u0142a-Sta\u015bkowiak<\/h2>\n\n\t\t\t\t\t<div class=\"labels\"><p>J\u0119zykoznawstwo<\/p><p>Komunikacja j\u0119zykowa<\/p><p>Socjolingwistyka<\/p><p>T\u0142umaczenia<\/p><\/div>\t\t\t\t<\/div>\n\t\t\t\t\n\t\t\t<\/a>\n\t\t\t\n\t\t\t<a class=\"expert_row\" href=\"https:\/\/ahe.lodz.pl\/centrum-ekspertow\/komentarz\/eksperci\/mariusz-olezalek\/\">\n\t\t\t\t<img loading=\"lazy\" decoding=\"async\" width=\"914\" height=\"1116\" src=\"https:\/\/ahe.lodz.pl\/centrum-ekspertow\/wp-content\/uploads\/2025\/03\/adw_dr_mariusz_olezalek.webp\" class=\"attachment-small size-small wp-post-image\" alt=\"\" srcset=\"https:\/\/ahe.lodz.pl\/centrum-ekspertow\/wp-content\/uploads\/2025\/03\/adw_dr_mariusz_olezalek.webp 914w, https:\/\/ahe.lodz.pl\/centrum-ekspertow\/wp-content\/uploads\/2025\/03\/adw_dr_mariusz_olezalek-246x300.webp 246w, https:\/\/ahe.lodz.pl\/centrum-ekspertow\/wp-content\/uploads\/2025\/03\/adw_dr_mariusz_olezalek-839x1024.webp 839w, https:\/\/ahe.lodz.pl\/centrum-ekspertow\/wp-content\/uploads\/2025\/03\/adw_dr_mariusz_olezalek-768x938.webp 768w\" sizes=\"auto, (max-width: 914px) 100vw, 914px\" \/>\n\t\t\t\t<div>\n\t\t\t\t\t<p>adw. dr <\/p>\n\t\t\t\t\t<h2>Mariusz Ol\u0119\u017ca\u0142ek<\/h2>\n\n\t\t\t\t\t<div class=\"labels\"><p>Post\u0119powanie dyscyplinarne wobec nauczycieli akademickich i adwokat\u00f3w<\/p><p>Prawo i post\u0119powanie karne<\/p><p>Prawo i post\u0119powanie wobec nieletnich<\/p><p>Prawo wykrocze\u0144<\/p><\/div>\t\t\t\t<\/div>\n\t\t\t\t\n\t\t\t<\/a>\n\t\t\t\n\t\t\t<a class=\"expert_row\" href=\"https:\/\/ahe.lodz.pl\/centrum-ekspertow\/komentarz\/eksperci\/milena-malgorzata-bak\/\">\n\t\t\t\t<img loading=\"lazy\" decoding=\"async\" width=\"914\" height=\"1116\" src=\"https:\/\/ahe.lodz.pl\/centrum-ekspertow\/wp-content\/uploads\/2025\/03\/mgr_milena_malgorzata_bak.webp\" class=\"attachment-small size-small wp-post-image\" alt=\"mgr Milena Ma\u0142gorzata B\u0105k\" srcset=\"https:\/\/ahe.lodz.pl\/centrum-ekspertow\/wp-content\/uploads\/2025\/03\/mgr_milena_malgorzata_bak.webp 914w, https:\/\/ahe.lodz.pl\/centrum-ekspertow\/wp-content\/uploads\/2025\/03\/mgr_milena_malgorzata_bak-246x300.webp 246w, https:\/\/ahe.lodz.pl\/centrum-ekspertow\/wp-content\/uploads\/2025\/03\/mgr_milena_malgorzata_bak-839x1024.webp 839w, https:\/\/ahe.lodz.pl\/centrum-ekspertow\/wp-content\/uploads\/2025\/03\/mgr_milena_malgorzata_bak-768x938.webp 768w\" sizes=\"auto, (max-width: 914px) 100vw, 914px\" \/>\n\t\t\t\t<div>\n\t\t\t\t\t<p>mgr<\/p>\n\t\t\t\t\t<h2>Milena Ma\u0142gorzata B\u0105k<\/h2>\n\n\t\t\t\t\t<div class=\"labels\"><p>Psychologia<\/p><p>Seksuologia<\/p><p>Zaburzenia preferencji seksualnych<\/p><\/div>\t\t\t\t<\/div>\n\t\t\t\t\n\t\t\t<\/a>\n\t\t\t\n\t\t\t<a class=\"expert_row\" href=\"https:\/\/ahe.lodz.pl\/centrum-ekspertow\/komentarz\/eksperci\/oktawia-braniewicz-zaorska\/\">\n\t\t\t\t<img loading=\"lazy\" decoding=\"async\" width=\"914\" height=\"1116\" src=\"https:\/\/ahe.lodz.pl\/centrum-ekspertow\/wp-content\/uploads\/2025\/03\/dr_oktawia_braniewicz_zaorska_eksperci.webp\" class=\"attachment-small size-small wp-post-image\" alt=\"\" srcset=\"https:\/\/ahe.lodz.pl\/centrum-ekspertow\/wp-content\/uploads\/2025\/03\/dr_oktawia_braniewicz_zaorska_eksperci.webp 914w, https:\/\/ahe.lodz.pl\/centrum-ekspertow\/wp-content\/uploads\/2025\/03\/dr_oktawia_braniewicz_zaorska_eksperci-246x300.webp 246w, https:\/\/ahe.lodz.pl\/centrum-ekspertow\/wp-content\/uploads\/2025\/03\/dr_oktawia_braniewicz_zaorska_eksperci-839x1024.webp 839w, https:\/\/ahe.lodz.pl\/centrum-ekspertow\/wp-content\/uploads\/2025\/03\/dr_oktawia_braniewicz_zaorska_eksperci-768x938.webp 768w\" sizes=\"auto, (max-width: 914px) 100vw, 914px\" \/>\n\t\t\t\t<div>\n\t\t\t\t\t<p>dr<\/p>\n\t\t\t\t\t<h2>Oktawia Braniewicz-Zaorska<\/h2>\n\n\t\t\t\t\t<div class=\"labels\"><p>Cudzoziemcy<\/p><p>GDPR<\/p><p>Mediacje<\/p><p>Prawa cz\u0142owieka<\/p><p>Prawo w szkolnictwie wy\u017cszym<\/p><\/div>\t\t\t\t<\/div>\n\t\t\t\t\n\t\t\t<\/a>\n\t\t\t\n\t\t\t<a class=\"expert_row\" href=\"https:\/\/ahe.lodz.pl\/centrum-ekspertow\/komentarz\/eksperci\/anna-bojanowska-sosnowska\/\">\n\t\t\t\t<img loading=\"lazy\" decoding=\"async\" width=\"914\" height=\"1116\" src=\"https:\/\/ahe.lodz.pl\/centrum-ekspertow\/wp-content\/uploads\/2025\/03\/mgr_anna_bojanowska_sosnowska.webp\" class=\"attachment-small size-small wp-post-image\" alt=\"mgr Anna Bojanowska-Sosnowska\" srcset=\"https:\/\/ahe.lodz.pl\/centrum-ekspertow\/wp-content\/uploads\/2025\/03\/mgr_anna_bojanowska_sosnowska.webp 914w, https:\/\/ahe.lodz.pl\/centrum-ekspertow\/wp-content\/uploads\/2025\/03\/mgr_anna_bojanowska_sosnowska-246x300.webp 246w, https:\/\/ahe.lodz.pl\/centrum-ekspertow\/wp-content\/uploads\/2025\/03\/mgr_anna_bojanowska_sosnowska-839x1024.webp 839w, https:\/\/ahe.lodz.pl\/centrum-ekspertow\/wp-content\/uploads\/2025\/03\/mgr_anna_bojanowska_sosnowska-768x938.webp 768w\" sizes=\"auto, (max-width: 914px) 100vw, 914px\" \/>\n\t\t\t\t<div>\n\t\t\t\t\t<p>mgr<\/p>\n\t\t\t\t\t<h2>Anna Bojanowska-Sosnowska<\/h2>\n\n\t\t\t\t\t<div class=\"labels\"><p>Aktywizacja zawodowa<\/p><p>Ekonomia<\/p><p>Polityka spo\u0142eczna<\/p><p>Zarz\u0105dzanie<\/p><\/div>\t\t\t\t<\/div>\n\t\t\t\t\n\t\t\t<\/a>\n\t\t\t\n\t\t\t<a class=\"expert_row\" href=\"https:\/\/ahe.lodz.pl\/centrum-ekspertow\/komentarz\/eksperci\/sylwester-redel\/\">\n\t\t\t\t<img loading=\"lazy\" decoding=\"async\" width=\"914\" height=\"1116\" src=\"https:\/\/ahe.lodz.pl\/centrum-ekspertow\/wp-content\/uploads\/2025\/03\/adw_dr_sylwester_redel.webp\" class=\"attachment-small size-small wp-post-image\" alt=\"adw. dr Sylwester Rede\u0142\" srcset=\"https:\/\/ahe.lodz.pl\/centrum-ekspertow\/wp-content\/uploads\/2025\/03\/adw_dr_sylwester_redel.webp 914w, https:\/\/ahe.lodz.pl\/centrum-ekspertow\/wp-content\/uploads\/2025\/03\/adw_dr_sylwester_redel-246x300.webp 246w, https:\/\/ahe.lodz.pl\/centrum-ekspertow\/wp-content\/uploads\/2025\/03\/adw_dr_sylwester_redel-839x1024.webp 839w, https:\/\/ahe.lodz.pl\/centrum-ekspertow\/wp-content\/uploads\/2025\/03\/adw_dr_sylwester_redel-768x938.webp 768w\" sizes=\"auto, (max-width: 914px) 100vw, 914px\" \/>\n\t\t\t\t<div>\n\t\t\t\t\t<p>adw. dr <\/p>\n\t\t\t\t\t<h2>Sylwester Rede\u0142<\/h2>\n\n\t\t\t\t\t<div class=\"labels\"><p>Prawo administracyjne<\/p><p>Prawo gospodarcze<\/p><\/div>\t\t\t\t<\/div>\n\t\t\t\t\n\t\t\t<\/a>\n\t\t\t\n\t\t\t<a class=\"expert_row\" href=\"https:\/\/ahe.lodz.pl\/centrum-ekspertow\/komentarz\/eksperci\/artur-niedzwiecki\/\">\n\t\t\t\t<img loading=\"lazy\" decoding=\"async\" width=\"914\" height=\"1116\" src=\"https:\/\/ahe.lodz.pl\/centrum-ekspertow\/wp-content\/uploads\/2025\/03\/dr_artur_niedzwiecki.webp\" class=\"attachment-small size-small wp-post-image\" alt=\"\" srcset=\"https:\/\/ahe.lodz.pl\/centrum-ekspertow\/wp-content\/uploads\/2025\/03\/dr_artur_niedzwiecki.webp 914w, https:\/\/ahe.lodz.pl\/centrum-ekspertow\/wp-content\/uploads\/2025\/03\/dr_artur_niedzwiecki-246x300.webp 246w, https:\/\/ahe.lodz.pl\/centrum-ekspertow\/wp-content\/uploads\/2025\/03\/dr_artur_niedzwiecki-839x1024.webp 839w, https:\/\/ahe.lodz.pl\/centrum-ekspertow\/wp-content\/uploads\/2025\/03\/dr_artur_niedzwiecki-768x938.webp 768w\" sizes=\"auto, (max-width: 914px) 100vw, 914px\" \/>\n\t\t\t\t<div>\n\t\t\t\t\t<p>dr<\/p>\n\t\t\t\t\t<h2>Artur Nied\u017awiecki<\/h2>\n\n\t\t\t\t\t<div class=\"labels\"><p>Politologia<\/p><p>Prawo<\/p><\/div>\t\t\t\t<\/div>\n\t\t\t\t\n\t\t\t<\/a>\n\t\t\t\n\t\t\t<a class=\"expert_row\" href=\"https:\/\/ahe.lodz.pl\/centrum-ekspertow\/komentarz\/eksperci\/daria-modrzejewska\/\">\n\t\t\t\t<img loading=\"lazy\" decoding=\"async\" width=\"914\" height=\"1116\" src=\"https:\/\/ahe.lodz.pl\/centrum-ekspertow\/wp-content\/uploads\/2025\/03\/dr_daria_modrzejewska.webp\" class=\"attachment-small size-small wp-post-image\" alt=\"\" srcset=\"https:\/\/ahe.lodz.pl\/centrum-ekspertow\/wp-content\/uploads\/2025\/03\/dr_daria_modrzejewska.webp 914w, https:\/\/ahe.lodz.pl\/centrum-ekspertow\/wp-content\/uploads\/2025\/03\/dr_daria_modrzejewska-246x300.webp 246w, https:\/\/ahe.lodz.pl\/centrum-ekspertow\/wp-content\/uploads\/2025\/03\/dr_daria_modrzejewska-839x1024.webp 839w, https:\/\/ahe.lodz.pl\/centrum-ekspertow\/wp-content\/uploads\/2025\/03\/dr_daria_modrzejewska-768x938.webp 768w\" sizes=\"auto, (max-width: 914px) 100vw, 914px\" \/>\n\t\t\t\t<div>\n\t\t\t\t\t<p>dr<\/p>\n\t\t\t\t\t<h2>Daria Modrzejewska<\/h2>\n\n\t\t\t\t\t<div class=\"labels\"><p>Profilaktyka szkolna<\/p><p>Przemoc r\u00f3wie\u015bnicza (bullying)<\/p><\/div>\t\t\t\t<\/div>\n\t\t\t\t\n\t\t\t<\/a>\n\t\t\t\n\t\t\t<a class=\"expert_row\" href=\"https:\/\/ahe.lodz.pl\/centrum-ekspertow\/komentarz\/eksperci\/adam-bednarek\/\">\n\t\t\t\t<img loading=\"lazy\" decoding=\"async\" width=\"914\" height=\"1116\" src=\"https:\/\/ahe.lodz.pl\/centrum-ekspertow\/wp-content\/uploads\/2025\/03\/dr_adam_bednarek.webp\" class=\"attachment-small size-small wp-post-image\" alt=\"\" srcset=\"https:\/\/ahe.lodz.pl\/centrum-ekspertow\/wp-content\/uploads\/2025\/03\/dr_adam_bednarek.webp 914w, https:\/\/ahe.lodz.pl\/centrum-ekspertow\/wp-content\/uploads\/2025\/03\/dr_adam_bednarek-246x300.webp 246w, https:\/\/ahe.lodz.pl\/centrum-ekspertow\/wp-content\/uploads\/2025\/03\/dr_adam_bednarek-839x1024.webp 839w, https:\/\/ahe.lodz.pl\/centrum-ekspertow\/wp-content\/uploads\/2025\/03\/dr_adam_bednarek-768x938.webp 768w\" sizes=\"auto, (max-width: 914px) 100vw, 914px\" \/>\n\t\t\t\t<div>\n\t\t\t\t\t<p>dr<\/p>\n\t\t\t\t\t<h2>Adam Bednarek<\/h2>\n\n\t\t\t\t\t<div class=\"labels\"><p>Cyfrowa edukacja<\/p><p>Socjolingwistyka<\/p><p>Sztuczna inteligencja w edukacji<\/p><\/div>\t\t\t\t<\/div>\n\t\t\t\t\n\t\t\t<\/a>\n\t\t\t\t<\/div>\n\t\n\t<\/div>\n<\/div>\n<\/div>\n","protected":false},"excerpt":{"rendered":"Filolog angielski, j\u0119zykoznawca, t\u0142umacz, doktor nauk humanistycznych, znawca angielszczyzny kanadyjskiej, sam zreszt\u0105 pochodzi z Montrealu. Specjalizuje si\u0119 w komunikacji mi\u0119dzykulturowej, praktyce przek\u0142adu oraz wykorzystaniu Sztucznej Inteligencji w edukacji. Mia\u0142 okazj\u0119 wsp\u00f3\u0142tworzy\u0107 raport \u201ePolska 5.0 dla obywatela\u201d. To wa\u017cna publikacja, kt\u00f3ra obrazuje priorytety i wyzwania transformacji cyfrowej w Polsce na lata 2025\u20132028. Ponadto jest autorem opracowa\u0144 [...]","protected":false},"author":1,"featured_media":0,"parent":0,"menu_order":0,"comment_status":"closed","ping_status":"closed","template":"","meta":{"_acf_changed":false,"footnotes":""},"class_list":["post-543","page","type-page","status-publish","hentry"],"acf":[],"_links":{"self":[{"href":"https:\/\/ahe.lodz.pl\/centrum-ekspertow\/wp-json\/wp\/v2\/pages\/543","targetHints":{"allow":["GET"]}}],"collection":[{"href":"https:\/\/ahe.lodz.pl\/centrum-ekspertow\/wp-json\/wp\/v2\/pages"}],"about":[{"href":"https:\/\/ahe.lodz.pl\/centrum-ekspertow\/wp-json\/wp\/v2\/types\/page"}],"author":[{"embeddable":true,"href":"https:\/\/ahe.lodz.pl\/centrum-ekspertow\/wp-json\/wp\/v2\/users\/1"}],"replies":[{"embeddable":true,"href":"https:\/\/ahe.lodz.pl\/centrum-ekspertow\/wp-json\/wp\/v2\/comments?post=543"}],"version-history":[{"count":34,"href":"https:\/\/ahe.lodz.pl\/centrum-ekspertow\/wp-json\/wp\/v2\/pages\/543\/revisions"}],"predecessor-version":[{"id":608,"href":"https:\/\/ahe.lodz.pl\/centrum-ekspertow\/wp-json\/wp\/v2\/pages\/543\/revisions\/608"}],"wp:attachment":[{"href":"https:\/\/ahe.lodz.pl\/centrum-ekspertow\/wp-json\/wp\/v2\/media?parent=543"}],"curies":[{"name":"wp","href":"https:\/\/api.w.org\/{rel}","templated":true}]}}