{"id":498,"date":"2025-03-06T18:55:48","date_gmt":"2025-03-06T17:55:48","guid":{"rendered":"http:\/\/wp.test\/?page_id=498"},"modified":"2025-03-06T19:19:22","modified_gmt":"2025-03-06T18:19:22","slug":"zapytaj-eksperta","status":"publish","type":"page","link":"https:\/\/ahe.lodz.pl\/centrum-ekspertow\/zapytaj-eksperta\/","title":{"rendered":"Zapytaj eksperta"},"content":{"rendered":"<div class=\"wpforms-container wpforms-container-full\" id=\"wpforms-507\"><form id=\"wpforms-form-507\" class=\"wpforms-validate wpforms-form\" data-formid=\"507\" method=\"post\" enctype=\"multipart\/form-data\" action=\"\/centrum-ekspertow\/wp-json\/wp\/v2\/pages\/498\" data-token=\"1a2f6d35019cc5d19cfde63199d6c951\" data-token-time=\"1775507408\"><noscript class=\"wpforms-error-noscript\">Aby wype\u0142ni\u0107 ten formularz, w\u0142\u0105cz obs\u0142ug\u0119 JavaScript w przegl\u0105darce.<\/noscript><div class=\"wpforms-page-indicator connector\" data-indicator=\"connector\" data-indicator-color=\"#222a56\" data-scroll=\"1\"><div class=\"wpforms-page-indicator-page active wpforms-page-indicator-page-1\" style=\"width:50%;\"><span class=\"wpforms-page-indicator-page-number\" style=\"background-color:#222a56\">1<span class=\"wpforms-page-indicator-page-triangle\" style=\"border-top-color:#222a56\"><\/span><\/span><span class=\"wpforms-page-indicator-page-title\">Temat<\/span><\/div><div class=\"wpforms-page-indicator-page  wpforms-page-indicator-page-2\" style=\"width:50%;\"><span class=\"wpforms-page-indicator-page-number\">2<span class=\"wpforms-page-indicator-page-triangle\"><\/span><\/span><span class=\"wpforms-page-indicator-page-title\">Dane kontaktowe<\/span><\/div><\/div><div class=\"wpforms-field-container\"><div class=\"wpforms-page wpforms-page-1 \" data-page=\"1\"><div id=\"wpforms-507-field_10-container\" class=\"wpforms-field wpforms-field-pagebreak\" data-field-id=\"10\"><\/div><div id=\"wpforms-507-field_12-container\" class=\"wpforms-field wpforms-field-hidden\" data-field-id=\"12\"><input type=\"hidden\" id=\"wpforms-507-field_12\" name=\"wpforms[fields][12]\"><\/div><div id=\"wpforms-507-field_13-container\" class=\"wpforms-field wpforms-field-hidden\" data-field-id=\"13\"><input type=\"hidden\" id=\"wpforms-507-field_13\" name=\"wpforms[fields][13]\"><\/div><div id=\"wpforms-507-field_1-container\" class=\"wpforms-field wpforms-field-select wpforms-one-half wpforms-first wpforms-field-select-style-classic\" data-field-id=\"1\"><label class=\"wpforms-field-label\" for=\"wpforms-507-field_1\">Popro\u015b eksperta o: <span class=\"wpforms-required-label\">*<\/span><\/label><select id=\"wpforms-507-field_1\" class=\"wpforms-field-large wpforms-field-required\" name=\"wpforms[fields][1]\" required=\"required\"><option value=\"Komentarz\" >Komentarz<\/option><option value=\"Wywiad\" >Wywiad<\/option><option value=\"Komentarz\/wywiad w programie na \u017cywo\" >Komentarz\/wywiad w programie na \u017cywo<\/option><option value=\"Analiz\u0119\" >Analiz\u0119<\/option><option value=\"Inne\" >Inne<\/option><\/select><\/div><div id=\"wpforms-507-field_2-container\" class=\"wpforms-field wpforms-field-date-time wpforms-one-half\" data-field-id=\"2\"><label class=\"wpforms-field-label\" for=\"wpforms-507-field_2\">Termin <span class=\"wpforms-required-label\">*<\/span><\/label><div class=\"wpforms-datepicker-wrap\"><input type=\"text\" id=\"wpforms-507-field_2\" class=\"wpforms-field-date-time-date wpforms-datepicker wpforms-field-required wpforms-field-large\" data-date-format=\"d\/m\/Y\" data-disable-past-dates=\"1\" data-disable-todays-date=\"0\" data-input=\"true\" name=\"wpforms[fields][2][date]\" required><a title=\"Wyczy\u015b\u0107 dat\u0119\" data-clear class=\"wpforms-datepicker-clear\" style=\"display:none;\"><\/a><\/div><\/div><div id=\"wpforms-507-field_3-container\" class=\"wpforms-field wpforms-field-textarea wpforms-full-width\" data-field-id=\"3\"><label class=\"wpforms-field-label\" for=\"wpforms-507-field_3\">Opisz temat zapytania <span class=\"wpforms-required-label\">*<\/span><\/label><textarea id=\"wpforms-507-field_3\" class=\"wpforms-field-medium wpforms-field-required\" name=\"wpforms[fields][3]\" required><\/textarea><\/div><div id=\"wpforms-507-field_9-container\" class=\"wpforms-field wpforms-field-pagebreak\" data-field-id=\"9\"><div class=\"wpforms-clear wpforms-pagebreak-left\"><button class=\"wpforms-page-button wpforms-page-next\" data-action=\"next\" data-page=\"1\" data-formid=\"507\" disabled>Przejd\u017a dalej<\/button><\/div><\/div><\/div><div class=\"wpforms-page wpforms-page-2 last \" data-page=\"2\" style=\"display:none;\"><div id=\"wpforms-507-field_4-container\" class=\"wpforms-field wpforms-field-text wpforms-one-half wpforms-first\" data-field-id=\"4\"><label class=\"wpforms-field-label\" for=\"wpforms-507-field_4\">Imi\u0119 i nazwisko <span class=\"wpforms-required-label\">*<\/span><\/label><input type=\"text\" id=\"wpforms-507-field_4\" class=\"wpforms-field-large wpforms-field-required\" name=\"wpforms[fields][4]\" required><\/div><div id=\"wpforms-507-field_5-container\" class=\"wpforms-field wpforms-field-text wpforms-one-half\" data-field-id=\"5\"><label class=\"wpforms-field-label\" for=\"wpforms-507-field_5\">Nazwa podmiotu <span class=\"wpforms-required-label\">*<\/span><\/label><input type=\"text\" id=\"wpforms-507-field_5\" class=\"wpforms-field-large wpforms-field-required\" name=\"wpforms[fields][5]\" required><\/div><div id=\"wpforms-507-field_6-container\" class=\"wpforms-field wpforms-field-phone wpforms-one-half wpforms-first\" data-field-id=\"6\"><label class=\"wpforms-field-label\" for=\"wpforms-507-field_6\">Numer kontaktowy <span class=\"wpforms-required-label\">*<\/span><\/label><input type=\"tel\" id=\"wpforms-507-field_6\" class=\"wpforms-field-large wpforms-field-required\" data-rule-int-phone-field=\"true\" name=\"wpforms[fields][6]\" aria-label=\"Numer kontaktowy\" required><\/div><div id=\"wpforms-507-field_7-container\" class=\"wpforms-field wpforms-field-email wpforms-one-half\" data-field-id=\"7\"><label class=\"wpforms-field-label\" for=\"wpforms-507-field_7\">Adres e-mail <span class=\"wpforms-required-label\">*<\/span><\/label><input type=\"email\" id=\"wpforms-507-field_7\" class=\"wpforms-field-large wpforms-field-required\" name=\"wpforms[fields][7]\" spellcheck=\"false\" required><\/div><div id=\"wpforms-507-field_11-container\" class=\"wpforms-field wpforms-field-pagebreak\" data-field-id=\"11\"><div class=\"wpforms-clear wpforms-pagebreak-left\"><\/div><\/div><\/div><\/div><!-- .wpforms-field-container --><div class=\"wpforms-submit-container\" style=\"display:none;\"><input type=\"hidden\" name=\"wpforms[id]\" value=\"507\"><input type=\"hidden\" name=\"page_title\" value=\"\"><input type=\"hidden\" name=\"page_url\" value=\"https:\/\/ahe.lodz.pl\/centrum-ekspertow\/wp-json\/wp\/v2\/pages\/498\"><button type=\"submit\" name=\"wpforms[submit]\" id=\"wpforms-submit-507\" class=\"wpforms-submit\" data-alt-text=\"Wysy\u0142anie...\" data-submit-text=\"Wy\u015blij zapytanie\" aria-live=\"assertive\" value=\"wpforms-submit\">Wy\u015blij zapytanie<\/button><\/div><\/form><\/div>  <!-- .wpforms-container -->\n","protected":false},"excerpt":{"rendered":"Aby wype\u0142ni\u0107 ten formularz, w\u0142\u0105cz obs\u0142ug\u0119 JavaScript w przegl\u0105darce.1Temat2Dane kontaktowePopro\u015b eksperta o: *KomentarzWywiadKomentarz\/wywiad w programie na \u017cywoAnaliz\u0119InneTermin *Opisz temat zapytania *Przejd\u017a dalejImi\u0119 i nazwisko *Nazwa podmiotu *Numer kontaktowy *Adres e-mail *Wy\u015blij zapytanie","protected":false},"author":1,"featured_media":0,"parent":0,"menu_order":0,"comment_status":"closed","ping_status":"closed","template":"","meta":{"_acf_changed":false,"footnotes":""},"class_list":["post-498","page","type-page","status-publish","hentry"],"acf":[],"_links":{"self":[{"href":"https:\/\/ahe.lodz.pl\/centrum-ekspertow\/wp-json\/wp\/v2\/pages\/498","targetHints":{"allow":["GET"]}}],"collection":[{"href":"https:\/\/ahe.lodz.pl\/centrum-ekspertow\/wp-json\/wp\/v2\/pages"}],"about":[{"href":"https:\/\/ahe.lodz.pl\/centrum-ekspertow\/wp-json\/wp\/v2\/types\/page"}],"author":[{"embeddable":true,"href":"https:\/\/ahe.lodz.pl\/centrum-ekspertow\/wp-json\/wp\/v2\/users\/1"}],"replies":[{"embeddable":true,"href":"https:\/\/ahe.lodz.pl\/centrum-ekspertow\/wp-json\/wp\/v2\/comments?post=498"}],"version-history":[{"count":2,"href":"https:\/\/ahe.lodz.pl\/centrum-ekspertow\/wp-json\/wp\/v2\/pages\/498\/revisions"}],"predecessor-version":[{"id":517,"href":"https:\/\/ahe.lodz.pl\/centrum-ekspertow\/wp-json\/wp\/v2\/pages\/498\/revisions\/517"}],"wp:attachment":[{"href":"https:\/\/ahe.lodz.pl\/centrum-ekspertow\/wp-json\/wp\/v2\/media?parent=498"}],"curies":[{"name":"wp","href":"https:\/\/api.w.org\/{rel}","templated":true}]}}