{"id":2,"date":"2022-10-05T11:59:36","date_gmt":"2022-10-05T09:59:36","guid":{"rendered":"https:\/\/biblioteka2.ahe.lodz.pl\/?page_id=2"},"modified":"2025-04-23T13:58:07","modified_gmt":"2025-04-23T11:58:07","slug":"przykladowa-strona","status":"publish","type":"page","link":"https:\/\/ahe.lodz.pl\/centrum-ekspertow\/","title":{"rendered":"Strona g\u0142\u00f3wna"},"content":{"rendered":"<div class=\"wpb-content-wrapper\"><p>[vc_row][vc_column]\n\t\t\t<!-- START Slider 2 REVOLUTION SLIDER 6.7.29 --><p class=\"rs-p-wp-fix\"><\/p>\n\t\t\t<rs-module-wrap id=\"rev_slider_2_1_wrapper\" data-source=\"gallery\" style=\"visibility:hidden;background:transparent;padding:0;\">\n\t\t\t\t<rs-module id=\"rev_slider_2_1\" style=\"\" data-version=\"6.7.29\">\n\t\t\t\t\t<rs-slides style=\"overflow: hidden; position: absolute;\">\n\t\t\t\t\t\t<rs-slide style=\"position: absolute;\" data-key=\"rs-2\" data-title=\"Slide\" data-in=\"o:0;\" data-out=\"a:false;\">\n\t\t\t\t\t\t\t<img decoding=\"async\" src=\"\/\/ahe.lodz.pl\/centrum-ekspertow\/wp-content\/plugins\/revslider\/sr6\/assets\/assets\/dummy.png\" alt=\"\" title=\"slider\" width=\"1920\" height=\"1080\" class=\"rev-slidebg tp-rs-img rs-lazyload\" data-lazyload=\"\/\/ahe.lodz.pl\/centrum-ekspertow\/wp-content\/uploads\/2025\/03\/slider.webp\" data-no-retina>\n<!--\n\t\t\t\t\t\t\t--><rs-layer\n\t\t\t\t\t\t\t\tid=\"slider-2-slide-2-layer-0\" \n\t\t\t\t\t\t\t\tdata-type=\"text\"\n\t\t\t\t\t\t\t\tdata-rsp_ch=\"on\"\n\t\t\t\t\t\t\t\tdata-xy=\"xo:450px,371px,236px,20px;yo:490px,404px,518px,371px;\"\n\t\t\t\t\t\t\t\tdata-text=\"w:normal;s:49,40,34,28;l:35,28,21,28;ls:1px,0px,0px,0px;fw:600;a:left,left,left,center;\"\n\t\t\t\t\t\t\t\tdata-dim=\"h:88px,72px,54px,auto;\"\n\t\t\t\t\t\t\t\tdata-padding=\"t:25,21,16,13;r:20,17,13,17;b:25,21,16,13;l:20,17,13,17;\"\n\t\t\t\t\t\t\t\tdata-frame_999=\"o:0;st:w;\"\n\t\t\t\t\t\t\t\tstyle=\"z-index:9;background-color:#222a56;font-family:'Mundial';\"\n\t\t\t\t\t\t\t>Porozmawiaj z Ekspertem AHE \n\t\t\t\t\t\t\t<\/rs-layer><!--\n\n\t\t\t\t\t\t\t--><a\n\t\t\t\t\t\t\t\tid=\"slider-2-slide-2-layer-1\" \n\t\t\t\t\t\t\t\tclass=\"rs-layer\"\n\t\t\t\t\t\t\t\thref=\"https:\/\/ahe.lodz.pl\/centrum-ekspertow\/eksperci\" target=\"_self\"\n\t\t\t\t\t\t\t\tdata-type=\"text\"\n\t\t\t\t\t\t\t\tdata-xy=\"xo:450px,371px,236px,20px;yo:668px,551px,615px,473px;\"\n\t\t\t\t\t\t\t\tdata-text=\"w:normal;s:16;ls:0,0,1px,0px;fw:500;\"\n\t\t\t\t\t\t\t\tdata-rsp_bd=\"off\"\n\t\t\t\t\t\t\t\tdata-margin=\"t:0,0,15,15;\"\n\t\t\t\t\t\t\t\tdata-padding=\"t:24;r:20;b:24;l:20;\"\n\t\t\t\t\t\t\t\tdata-frame_999=\"o:0;st:w;\"\n\t\t\t\t\t\t\t\tstyle=\"z-index:8;background-color:#7e1d65;font-family:'Mundial';\"\n\t\t\t\t\t\t\t>Wybierz eksperta \n\t\t\t\t\t\t\t<\/a><!--\n\n\t\t\t\t\t\t\t--><rs-layer\n\t\t\t\t\t\t\t\tid=\"slider-2-slide-2-layer-3\" \n\t\t\t\t\t\t\t\tdata-type=\"text\"\n\t\t\t\t\t\t\t\tdata-rsp_ch=\"on\"\n\t\t\t\t\t\t\t\tdata-xy=\"xo:450px,371px,236px,20px;yo:578px,476px,571px,424px;\"\n\t\t\t\t\t\t\t\tdata-text=\"w:normal;s:30,24,18,24;l:36,29,22,28;ls:1px,0px,0px,0px;fw:500;\"\n\t\t\t\t\t\t\t\tdata-dim=\"h:80px,66px,50px,auto;\"\n\t\t\t\t\t\t\t\tdata-padding=\"t:20,17,13,13;r:20,17,13,17;b:20,17,13,13;l:20,17,13,17;\"\n\t\t\t\t\t\t\t\tdata-frame_999=\"o:0;st:w;\"\n\t\t\t\t\t\t\t\tstyle=\"z-index:9;background-color:#222a56;font-family:'Mundial';\"\n\t\t\t\t\t\t\t>Skontaktujemy Ci\u0119\u00a0z nim \n\t\t\t\t\t\t\t<\/rs-layer><!--\n-->\t\t\t\t\t<\/rs-slide>\n\t\t\t\t\t<\/rs-slides>\n\t\t\t\t<\/rs-module>\n\t\t\t\t<script>\n\t\t\t\t\tsetREVStartSize({c: 'rev_slider_2_1',rl:[1240,1024,778,480],el:[900,768,960,720],gw:[1240,1024,778,480],gh:[900,768,960,720],type:'standard',justify:'',layout:'fullscreen',offsetContainer:'',offset:'',mh:\"700px\"});if (window.RS_MODULES!==undefined && window.RS_MODULES.modules!==undefined && window.RS_MODULES.modules[\"revslider21\"]!==undefined) {window.RS_MODULES.modules[\"revslider21\"].once = false;window.revapi2 = undefined;if (window.RS_MODULES.checkMinimal!==undefined) window.RS_MODULES.checkMinimal()}\n\t\t\t\t<\/script>\n\t\t\t<\/rs-module-wrap>\n\t\t\t<!-- END REVOLUTION SLIDER -->\n[\/vc_column][\/vc_row][vc_row][vc_column][vc_empty_space height=&#8221;100px&#8221;][\/vc_column][\/vc_row][vc_row gap=&#8221;30&#8243;][vc_column width=&#8221;1\/2&#8243;][vc_single_image image=&#8221;417&#8243; img_size=&#8221;full&#8221; css=&#8221;&#8221;][\/vc_column][vc_column width=&#8221;1\/2&#8243;][vc_column_text css=&#8221;&#8221; el_class=&#8221;grey_icons&#8221;]<\/p>\n<h3>Medialne Centrum<br \/>\nEkspert\u00f3w AHE<\/h3>\n<p>Jeste\u015bmy uczelni\u0105 zrzeszaj\u0105c\u0105 ekspert\u00f3w z r\u00f3\u017cnych dziedzin nauki, biznesu, \u017cycia politycznego i spo\u0142ecznego. To nasi dydaktycy realizuj\u0105cy innowacyjne programy nauczania, dziel\u0105cy si\u0119 na co dzie\u0144 swoj\u0105 wiedz\u0105 oraz do\u015bwiadczeniami ze studentami AHE w \u0141odzi. Daj\u0105 im warto\u015b\u0107, kt\u00f3r\u0105 chcemy si\u0119 dzieli\u0107 r\u00f3wnie\u017c poza murami uczelni dostarczaj\u0105c opinii, analiz i debatuj\u0105c publicznie za po\u015brednictwem medi\u00f3w w Polsce.<\/p>\n<p>&nbsp;<\/p>\n<p><a class=\"red_btn\" href=\"zapytaj-eksperta\">Popro\u015b\u00a0o komentarz<\/a>[\/vc_column_text][\/vc_column][\/vc_row][vc_row][vc_column][vc_empty_space height=&#8221;50px&#8221;][vc_column_text css=&#8221;&#8221;]<\/p>\n<h3 style=\"text-align: center;\">Poznaj naszych ekspert\u00f3w<\/h3>\n<h4 style=\"text-align: center;\">Wyk\u0142adowcy akademiccy w AHE z licznymi publikacjami naukowymi <span class=\"new_line\">oraz medialnymi &#8211; praktycy w swoich dziedzinach. Poznaj ich bli\u017cej i zapro\u015b do wsp\u00f3\u0142pracy.<\/span><\/h4>\n<p>&nbsp;<\/p>\n<div class=\"experts_list\"><div class=\"link_js expert_item expert-856\" data-link=\"https:\/\/ahe.lodz.pl\/centrum-ekspertow\/komentarz\/eksperci\/bartlomiej-rosiak\/\"><img decoding=\"async\" src=\"https:\/\/ahe.lodz.pl\/centrum-ekspertow\/wp-content\/uploads\/2025\/11\/B.Rosiak-zdjecie-AHE_1_-e1763644154184.webp\" alt=\"Bart\u0142omiej Rosiak\"><div><a href=\"https:\/\/ahe.lodz.pl\/centrum-ekspertow\/komentarz\/eksperci\/bartlomiej-rosiak\/\"><span><\/span> Bart\u0142omiej Rosiak<\/a><span>Dyskurs polityki mi\u0119dzynarodowej, Dyskurs polityki wewn\u0119trznej, J\u0119zykoznawstwo, Komunikacja publiczna, Marketing polityczny<\/span><br><a class=\"red_btn\" href=\"https:\/\/ahe.lodz.pl\/centrum-ekspertow\/zapytaj-eksperta\/?id=856\">Zapytaj eksperta<\/a><\/div><\/div><div class=\"link_js expert_item expert-700\" data-link=\"https:\/\/ahe.lodz.pl\/centrum-ekspertow\/komentarz\/eksperci\/konrad-schroeder\/\"><img decoding=\"async\" src=\"https:\/\/ahe.lodz.pl\/centrum-ekspertow\/wp-content\/uploads\/2025\/04\/mgr_konrad_schoreder_eksperci.webp\" alt=\"Konrad Schroeder\"><div><a href=\"https:\/\/ahe.lodz.pl\/centrum-ekspertow\/komentarz\/eksperci\/konrad-schroeder\/\"><span>mgr <\/span> Konrad Schroeder<\/a><span>Coaching, Human Resources, Psychologia spo\u0142eczna, Rozw\u00f3j osobisty<\/span><br><a class=\"red_btn\" href=\"https:\/\/ahe.lodz.pl\/centrum-ekspertow\/zapytaj-eksperta\/?id=700\">Zapytaj eksperta<\/a><\/div><\/div><div class=\"link_js expert_item expert-685\" data-link=\"https:\/\/ahe.lodz.pl\/centrum-ekspertow\/komentarz\/eksperci\/bartlomiej-jarmolinski\/\"><img decoding=\"async\" src=\"https:\/\/ahe.lodz.pl\/centrum-ekspertow\/wp-content\/uploads\/2025\/04\/dr_bartlomiej_jarmolinski_eksperci.webp\" alt=\"Bart\u0142omiej Jarmoli\u0144ski\"><div><a href=\"https:\/\/ahe.lodz.pl\/centrum-ekspertow\/komentarz\/eksperci\/bartlomiej-jarmolinski\/\"><span>dr<\/span> Bart\u0142omiej Jarmoli\u0144ski<\/a><span>Fotografia, Kurator wystawy, Performance, Sztuki pi\u0119kne<\/span><br><a class=\"red_btn\" href=\"https:\/\/ahe.lodz.pl\/centrum-ekspertow\/zapytaj-eksperta\/?id=685\">Zapytaj eksperta<\/a><\/div><\/div><div class=\"link_js expert_item expert-684\" data-link=\"https:\/\/ahe.lodz.pl\/centrum-ekspertow\/komentarz\/eksperci\/joanna-paul-kanska\/\"><img decoding=\"async\" src=\"https:\/\/ahe.lodz.pl\/centrum-ekspertow\/wp-content\/uploads\/2025\/04\/dr_joanna_paul_kanska_eksperci.webp\" alt=\"Joanna Paul-Ka\u0144ska\"><div><a href=\"https:\/\/ahe.lodz.pl\/centrum-ekspertow\/komentarz\/eksperci\/joanna-paul-kanska\/\"><span>dr<\/span> Joanna Paul-Ka\u0144ska<\/a><span>Psychologia, Psychologia spo\u0142eczna, Rozw\u00f3j osobisty<\/span><br><a class=\"red_btn\" href=\"https:\/\/ahe.lodz.pl\/centrum-ekspertow\/zapytaj-eksperta\/?id=684\">Zapytaj eksperta<\/a><\/div><\/div><div class=\"link_js expert_item expert-683\" data-link=\"https:\/\/ahe.lodz.pl\/centrum-ekspertow\/komentarz\/eksperci\/marzena-glinka\/\"><img decoding=\"async\" src=\"https:\/\/ahe.lodz.pl\/centrum-ekspertow\/wp-content\/uploads\/2025\/05\/Glinka_914x1116.webp\" alt=\"Marzena Glinka\"><div><a href=\"https:\/\/ahe.lodz.pl\/centrum-ekspertow\/komentarz\/eksperci\/marzena-glinka\/\"><span>dr n.med. <\/span> Marzena Glinka<\/a><span>Aromaterapia, Kosmetologia estetyczna, Kosmetyki naturalne, Receptury kosmetyczne, Terapie zabiegowe<\/span><br><a class=\"red_btn\" href=\"https:\/\/ahe.lodz.pl\/centrum-ekspertow\/zapytaj-eksperta\/?id=683\">Zapytaj eksperta<\/a><\/div><\/div><div class=\"link_js expert_item expert-682\" data-link=\"https:\/\/ahe.lodz.pl\/centrum-ekspertow\/komentarz\/eksperci\/robert-sternik\/\"><img decoding=\"async\" src=\"https:\/\/ahe.lodz.pl\/centrum-ekspertow\/wp-content\/uploads\/2025\/04\/dr_robert_sternik_eksperci.webp\" alt=\"Robert Sternik\"><div><a href=\"https:\/\/ahe.lodz.pl\/centrum-ekspertow\/komentarz\/eksperci\/robert-sternik\/\"><span>dr<\/span> Robert Sternik<\/a><span>Elektroniczne systemy sterowania uk\u0142ad\u00f3w nap\u0119dowych, Energooszcz\u0119dne, ekologiczne \u017ar\u00f3d\u0142a nap\u0119du w transporcie ko\u0142owym, Odnawialne \u017ar\u00f3d\u0142a energii, transport kolejowy i intermodalny<\/span><br><a class=\"red_btn\" href=\"https:\/\/ahe.lodz.pl\/centrum-ekspertow\/zapytaj-eksperta\/?id=682\">Zapytaj eksperta<\/a><\/div><\/div><\/div>\n<p>&nbsp;<\/p>\n<p>&nbsp;<\/p>\n<p style=\"text-align: center;\"><a class=\"red_btn\" href=\"eksperci\">Wi\u0119cej ekspert\u00f3w<\/a><\/p>\n<p>[\/vc_column_text][vc_empty_space height=&#8221;30px&#8221;][\/vc_column][\/vc_row][vc_row][vc_column][vc_empty_space height=&#8221;50px&#8221;][vc_column_text css=&#8221;&#8221;]<\/p>\n<h3 style=\"text-align: center;\">Ostatnie publikacje<\/h3>\n<h4 style=\"text-align: center;\">Komentarze, analizy, publikacje naukowe i popularnonaukowe. <strong>Sprawd\u017a<\/strong> wypowiedzi <span class=\"new_line\">Ekspert\u00f3w AHE w aktualnych tematach.<\/span><\/h4>\n<p>&nbsp;<\/p>\n<div class=\"other_posts\"><div><img decoding=\"async\" src=\"https:\/\/ahe.lodz.pl\/centrum-ekspertow\/wp-content\/uploads\/2026\/04\/czy_moze_byc_zdrowo_i_smacznie-1024x588.webp\" alt=\"Czy mo\u017ce by\u0107 zdrowo i smacznie?\" class=\"link_js\" data-link=\"https:\/\/ahe.lodz.pl\/centrum-ekspertow\/komentarz\/czy-moze-byc-zdrowo-i-smacznie\/\"><a href=\"https:\/\/ahe.lodz.pl\/centrum-ekspertow\/komentarz\/czy-moze-byc-zdrowo-i-smacznie\/\">Czy mo\u017ce by\u0107 zdrowo i smacznie?<\/a><\/div><div><img decoding=\"async\" src=\"https:\/\/ahe.lodz.pl\/centrum-ekspertow\/wp-content\/uploads\/2026\/04\/koniec_driftow-1024x588.webp\" alt=\"Koniec drift\u00f3w\" class=\"link_js\" data-link=\"https:\/\/ahe.lodz.pl\/centrum-ekspertow\/komentarz\/koniec-driftow\/\"><a href=\"https:\/\/ahe.lodz.pl\/centrum-ekspertow\/komentarz\/koniec-driftow\/\">Koniec drift\u00f3w<\/a><\/div><div><img decoding=\"async\" src=\"https:\/\/ahe.lodz.pl\/centrum-ekspertow\/wp-content\/uploads\/2026\/03\/kibice_przeciwko_prezydentowi_rp-1024x588.webp\" alt=\"Kibice przeciwko Prezydentowi RP\" class=\"link_js\" data-link=\"https:\/\/ahe.lodz.pl\/centrum-ekspertow\/komentarz\/kibice-przeciwko-prezydentowi-rp\/\"><a href=\"https:\/\/ahe.lodz.pl\/centrum-ekspertow\/komentarz\/kibice-przeciwko-prezydentowi-rp\/\">Kibice przeciwko Prezydentowi RP<\/a><\/div><div><img decoding=\"async\" src=\"https:\/\/ahe.lodz.pl\/centrum-ekspertow\/wp-content\/uploads\/2026\/03\/Document.webp\" alt=\"Czy to koniec \u015bmieci\u00f3wek?\" class=\"link_js\" data-link=\"https:\/\/ahe.lodz.pl\/centrum-ekspertow\/komentarz\/czy-to-koniec-smieciowek\/\"><a href=\"https:\/\/ahe.lodz.pl\/centrum-ekspertow\/komentarz\/czy-to-koniec-smieciowek\/\">Czy to koniec \u015bmieci\u00f3wek?<\/a><\/div><div><img decoding=\"async\" src=\"https:\/\/ahe.lodz.pl\/centrum-ekspertow\/wp-content\/uploads\/2025\/11\/macha-flaga-unii-europejskiej-na-niebieskim-tle-scaled-e1763537953615-1024x588.jpg\" alt=\"Cz\u0142onkostwo w UE daje nam \u201emiejsce przy stole\u201d\" class=\"link_js\" data-link=\"https:\/\/ahe.lodz.pl\/centrum-ekspertow\/komentarz\/czlonkostwo-w-ue-daje-nam-miejsce-przy-stole\/\"><a href=\"https:\/\/ahe.lodz.pl\/centrum-ekspertow\/komentarz\/czlonkostwo-w-ue-daje-nam-miejsce-przy-stole\/\">Cz\u0142onkostwo w UE daje nam \u201emiejsce przy stole\u201d<\/a><\/div><div><img decoding=\"async\" src=\"https:\/\/ahe.lodz.pl\/centrum-ekspertow\/wp-content\/uploads\/2026\/03\/kompetencje_medialne_mlodych-1024x588.webp\" alt=\"Kompetencje medialne m\u0142odych\" class=\"link_js\" data-link=\"https:\/\/ahe.lodz.pl\/centrum-ekspertow\/komentarz\/kompetencje-medialne-mlodych\/\"><a href=\"https:\/\/ahe.lodz.pl\/centrum-ekspertow\/komentarz\/kompetencje-medialne-mlodych\/\">Kompetencje medialne m\u0142odych<\/a><\/div><div><img decoding=\"async\" src=\"https:\/\/ahe.lodz.pl\/centrum-ekspertow\/wp-content\/uploads\/2026\/02\/co_dalej_z_tunelem_pod_lodzia-1024x588.webp\" alt=\"Co dalej z tunelem pod \u0141odzi\u0105?\" class=\"link_js\" data-link=\"https:\/\/ahe.lodz.pl\/centrum-ekspertow\/komentarz\/co-dalej-z-tunelem-pod-lodzia\/\"><a href=\"https:\/\/ahe.lodz.pl\/centrum-ekspertow\/komentarz\/co-dalej-z-tunelem-pod-lodzia\/\">Co dalej z tunelem pod \u0141odzi\u0105?<\/a><\/div><div><img decoding=\"async\" src=\"https:\/\/ahe.lodz.pl\/centrum-ekspertow\/wp-content\/uploads\/2026\/02\/ai_jest_wszedzie-1024x588.webp\" alt=\"AI jest wsz\u0119dzie\" class=\"link_js\" data-link=\"https:\/\/ahe.lodz.pl\/centrum-ekspertow\/komentarz\/ai-jest-wszedzie\/\"><a href=\"https:\/\/ahe.lodz.pl\/centrum-ekspertow\/komentarz\/ai-jest-wszedzie\/\">AI jest wsz\u0119dzie<\/a><\/div><div><img decoding=\"async\" src=\"https:\/\/ahe.lodz.pl\/centrum-ekspertow\/wp-content\/uploads\/2026\/01\/oszustwa_ai-1024x588.webp\" alt=\"Oszustwa AI\" class=\"link_js\" data-link=\"https:\/\/ahe.lodz.pl\/centrum-ekspertow\/komentarz\/oszustwa-ai\/\"><a href=\"https:\/\/ahe.lodz.pl\/centrum-ekspertow\/komentarz\/oszustwa-ai\/\">Oszustwa AI<\/a><\/div><\/div>\n<p>&nbsp;<\/p>\n<p>&nbsp;<\/p>\n<p style=\"text-align: center;\"><a class=\"red_btn\" href=\"komentarze\">Wi\u0119cej publikacji<\/a><\/p>\n<p>[\/vc_column_text][vc_empty_space height=&#8221;30px&#8221;][\/vc_column][\/vc_row]<\/p>\n<\/div>","protected":false},"excerpt":{"rendered":"<p>[vc_row][vc_column][\/vc_column][\/vc_row][vc_row][vc_column][vc_empty_space height=&#8221;100px&#8221;][\/vc_column][\/vc_row][vc_row gap=&#8221;30&#8243;][vc_column width=&#8221;1\/2&#8243;][vc_single_image image=&#8221;417&#8243; img_size=&#8221;full&#8221; css=&#8221;&#8221;][\/vc_column][vc_column width=&#8221;1\/2&#8243;][vc_column_text css=&#8221;&#8221; el_class=&#8221;grey_icons&#8221;] Medialne Centrum Ekspert\u00f3w AHE Jeste\u015bmy uczelni\u0105 zrzeszaj\u0105c\u0105 ekspert\u00f3w z r\u00f3\u017cnych dziedzin nauki, biznesu, \u017cycia politycznego i spo\u0142ecznego. To nasi dydaktycy realizuj\u0105cy innowacyjne programy nauczania, dziel\u0105cy si\u0119 na co dzie\u0144 swoj\u0105 wiedz\u0105 oraz do\u015bwiadczeniami ze studentami AHE w \u0141odzi. Daj\u0105 im warto\u015b\u0107, kt\u00f3r\u0105 chcemy si\u0119 dzieli\u0107 [&hellip;]<\/p>\n","protected":false},"author":1,"featured_media":0,"parent":0,"menu_order":0,"comment_status":"closed","ping_status":"closed","template":"","meta":{"_acf_changed":false,"footnotes":""},"class_list":["post-2","page","type-page","status-publish","hentry"],"acf":[],"_links":{"self":[{"href":"https:\/\/ahe.lodz.pl\/centrum-ekspertow\/wp-json\/wp\/v2\/pages\/2","targetHints":{"allow":["GET"]}}],"collection":[{"href":"https:\/\/ahe.lodz.pl\/centrum-ekspertow\/wp-json\/wp\/v2\/pages"}],"about":[{"href":"https:\/\/ahe.lodz.pl\/centrum-ekspertow\/wp-json\/wp\/v2\/types\/page"}],"author":[{"embeddable":true,"href":"https:\/\/ahe.lodz.pl\/centrum-ekspertow\/wp-json\/wp\/v2\/users\/1"}],"replies":[{"embeddable":true,"href":"https:\/\/ahe.lodz.pl\/centrum-ekspertow\/wp-json\/wp\/v2\/comments?post=2"}],"version-history":[{"count":86,"href":"https:\/\/ahe.lodz.pl\/centrum-ekspertow\/wp-json\/wp\/v2\/pages\/2\/revisions"}],"predecessor-version":[{"id":694,"href":"https:\/\/ahe.lodz.pl\/centrum-ekspertow\/wp-json\/wp\/v2\/pages\/2\/revisions\/694"}],"wp:attachment":[{"href":"https:\/\/ahe.lodz.pl\/centrum-ekspertow\/wp-json\/wp\/v2\/media?parent=2"}],"curies":[{"name":"wp","href":"https:\/\/api.w.org\/{rel}","templated":true}]}}